{"id":23749,"date":"2022-04-28T21:16:11","date_gmt":"2022-04-29T03:16:11","guid":{"rendered":"http:\/\/joaristi.com\/?page_id=23749"},"modified":"2022-04-28T21:39:35","modified_gmt":"2022-04-29T03:39:35","slug":"media-fluent","status":"publish","type":"page","link":"https:\/\/joaristi.com\/es\/media-fluent\/","title":{"rendered":"Media Fluent"},"content":{"rendered":"<div data-elementor-type=\"wp-post\" data-elementor-id=\"23749\" class=\"elementor elementor-23749\">\n\t\t\t\t\t\t<section class=\"elementor-section elementor-top-section elementor-element elementor-element-690262c elementor-section-full_width elementor-section-content-middle elementor-section-height-default elementor-section-height-default neuron-fixed-no\" data-id=\"690262c\" data-element_type=\"section\" data-e-type=\"section\">\n\t\t\t\t\t\t<div class=\"elementor-container elementor-column-gap-wider\">\n\t\t\t\t\t<div class=\"elementor-column elementor-col-50 elementor-top-column elementor-element elementor-element-3123e03\" data-id=\"3123e03\" data-element_type=\"column\" data-e-type=\"column\">\n\t\t\t<div class=\"elementor-widget-wrap elementor-element-populated\">\n\t\t\t\t\t\t<div class=\"elementor-element elementor-element-ca684e6 elementor-widget elementor-widget-image\" data-id=\"ca684e6\" data-element_type=\"widget\" data-e-type=\"widget\" data-widget_type=\"image.default\">\n\t\t\t\t<div class=\"elementor-widget-container\">\n\t\t\t\t\t\t\t\t\t\t\t\t\t\t\t<img fetchpriority=\"high\" decoding=\"async\" width=\"683\" height=\"1024\" src=\"https:\/\/joaristi.com\/wp-content\/uploads\/2022\/02\/Media-books-683x1024.jpeg\" class=\"attachment-large size-large wp-image-23517\" alt=\"\" srcset=\"https:\/\/joaristi.com\/wp-content\/uploads\/2022\/02\/Media-books-683x1024.jpeg 683w, https:\/\/joaristi.com\/wp-content\/uploads\/2022\/02\/Media-books-200x300.jpeg 200w, https:\/\/joaristi.com\/wp-content\/uploads\/2022\/02\/Media-books-768x1152.jpeg 768w, https:\/\/joaristi.com\/wp-content\/uploads\/2022\/02\/Media-books-8x12.jpeg 8w, https:\/\/joaristi.com\/wp-content\/uploads\/2022\/02\/Media-books-600x900.jpeg 600w, https:\/\/joaristi.com\/wp-content\/uploads\/2022\/02\/Media-books.jpeg 1000w\" sizes=\"(max-width: 683px) 100vw, 683px\" \/>\t\t\t\t\t\t\t\t\t\t\t\t\t\t\t<\/div>\n\t\t\t\t<\/div>\n\t\t\t\t\t<\/div>\n\t\t<\/div>\n\t\t\t\t<div class=\"elementor-column elementor-col-50 elementor-top-column elementor-element elementor-element-160bd3e\" data-id=\"160bd3e\" data-element_type=\"column\" data-e-type=\"column\">\n\t\t\t<div class=\"elementor-widget-wrap elementor-element-populated\">\n\t\t\t\t\t\t<section class=\"elementor-section elementor-inner-section elementor-element elementor-element-1bad45f elementor-section-boxed elementor-section-height-default elementor-section-height-default\" data-id=\"1bad45f\" data-element_type=\"section\" data-e-type=\"section\">\n\t\t\t\t\t\t<div class=\"elementor-container elementor-column-gap-no\">\n\t\t\t\t\t<div class=\"elementor-column elementor-col-100 elementor-inner-column elementor-element elementor-element-099524a\" data-id=\"099524a\" data-element_type=\"column\" data-e-type=\"column\">\n\t\t\t<div class=\"elementor-widget-wrap elementor-element-populated\">\n\t\t\t\t\t\t<div class=\"elementor-element elementor-element-ed431dc elementor-widget elementor-widget-heading\" data-id=\"ed431dc\" data-element_type=\"widget\" data-e-type=\"widget\" data-widget_type=\"heading.default\">\n\t\t\t\t<div class=\"elementor-widget-container\">\n\t\t\t\t\t<h1 class=\"elementor-heading-title elementor-size-default\">Media Fluent<\/h1>\t\t\t\t<\/div>\n\t\t\t\t<\/div>\n\t\t\t\t<div class=\"elementor-element elementor-element-621418f elementor-widget elementor-widget-text-editor\" data-id=\"621418f\" data-element_type=\"widget\" data-e-type=\"widget\" data-widget_type=\"text-editor.default\">\n\t\t\t\t<div class=\"elementor-widget-container\">\n\t\t\t\t\t\t\t\t\t<p>\u00a1Conoce m\u00e1s de mi nuevo curso! Deja tus datos y pronto te estar\u00e9 enviando m\u00e1s informaci\u00f3n<\/p>\t\t\t\t\t\t\t\t<\/div>\n\t\t\t\t<\/div>\n\t\t\t\t<div class=\"elementor-element elementor-element-2234563 elementor-widget elementor-widget-shortcode\" data-id=\"2234563\" data-element_type=\"widget\" data-e-type=\"widget\" data-widget_type=\"shortcode.default\">\n\t\t\t\t<div class=\"elementor-widget-container\">\n\t\t\t\t\t\t\t<div class=\"elementor-shortcode\">\n<div class=\"wpcf7 no-js\" id=\"wpcf7-f23754-o1\" lang=\"en-US\" dir=\"ltr\" data-wpcf7-id=\"23754\">\n<div class=\"screen-reader-response\"><p role=\"status\" aria-live=\"polite\" aria-atomic=\"true\"><\/p> <ul><\/ul><\/div>\n<form action=\"\/es\/wp-json\/wp\/v2\/pages\/23749#wpcf7-f23754-o1\" method=\"post\" class=\"wpcf7-form init chimpmatic-1.3.8 1688e95887d4 cmatic-conn cmatic-aud-3 cmatic-mapd0-0 cmatic-v0978 cmatic-sent-0 cmatic-total-0\" aria-label=\"Contact form\" novalidate=\"novalidate\" data-status=\"init\" data-trp-original-action=\"\/es\/wp-json\/wp\/v2\/pages\/23749#wpcf7-f23754-o1\">\n<fieldset class=\"hidden-fields-container\"><input type=\"hidden\" name=\"_wpcf7\" value=\"23754\" \/><input type=\"hidden\" name=\"_wpcf7_version\" value=\"6.1.5\" \/><input type=\"hidden\" name=\"_wpcf7_locale\" value=\"en_US\" \/><input type=\"hidden\" name=\"_wpcf7_unit_tag\" value=\"wpcf7-f23754-o1\" \/><input type=\"hidden\" name=\"_wpcf7_container_post\" value=\"0\" \/><input type=\"hidden\" name=\"_wpcf7_posted_data_hash\" value=\"\" \/>\n<\/fieldset>\n<div class=\"row\">\n\t<div class=\"col-sm-6 h-medium-bottom-padding\">\n\t\t<p><span class=\"wpcf7-form-control-wrap\" data-name=\"your-name\"><input size=\"40\" maxlength=\"400\" class=\"wpcf7-form-control wpcf7-text wpcf7-validates-as-required\" aria-required=\"true\" aria-invalid=\"false\" placeholder=\"Nombre\" value=\"\" type=\"text\" name=\"your-name\" \/><\/span>\n\t\t<\/p>\n\t<\/div>\n\t<div class=\"col-sm-6 h-medium-bottom-padding\">\n\t\t<p><span class=\"wpcf7-form-control-wrap\" data-name=\"last-name\"><input size=\"40\" maxlength=\"400\" class=\"wpcf7-form-control wpcf7-text wpcf7-validates-as-required\" aria-required=\"true\" aria-invalid=\"false\" placeholder=\"Apellido\" value=\"\" type=\"text\" name=\"last-name\" \/><\/span>\n\t\t<\/p>\n\t<\/div>\n\t<div class=\"col-sm-6 h-medium-bottom-padding\">\n\t\t<p><span class=\"wpcf7-form-control-wrap\" data-name=\"your-email\"><input size=\"40\" maxlength=\"400\" class=\"wpcf7-form-control wpcf7-email wpcf7-validates-as-required wpcf7-text wpcf7-validates-as-email\" aria-required=\"true\" aria-invalid=\"false\" placeholder=\"Correo Electr\u00f3nico\" value=\"\" type=\"email\" name=\"your-email\" \/><\/span>\n\t\t<\/p>\n\t<\/div>\n\t<p><input class=\"wpcf7-form-control wpcf7-submit has-spinner\" type=\"submit\" value=\"\u00a1Env\u00edame m\u00e1s info!\" \/>\n\t<\/p>\n<\/div><div class=\"wpcf7-response-output\" aria-hidden=\"true\"><\/div>\n<input type=\"hidden\" name=\"trp-form-language\" value=\"es\"\/><\/form>\n<\/div>\n<\/div>\n\t\t\t\t\t\t<\/div>\n\t\t\t\t<\/div>\n\t\t\t\t\t<\/div>\n\t\t<\/div>\n\t\t\t\t\t<\/div>\n\t\t<\/section>\n\t\t\t\t\t<\/div>\n\t\t<\/div>\n\t\t\t\t\t<\/div>\n\t\t<\/section>\n\t\t\t\t<\/div>","protected":false},"excerpt":{"rendered":"<p>Media Fluent \u00a1Conoce m\u00e1s de mi nuevo curso! Deja tus datos y pronto te estar\u00e9 enviando m\u00e1s informaci\u00f3n&#8230;<\/p>","protected":false},"author":1,"featured_media":0,"parent":0,"menu_order":5,"comment_status":"closed","ping_status":"closed","template":"","meta":{"_acf_changed":false,"inline_featured_image":false,"footnotes":"","_links_to":"","_links_to_target":""},"class_list":["post-23749","page","type-page","status-publish","hentry"],"acf":[],"yoast_head":"<!-- This site is optimized with the Yoast SEO plugin v27.3 - https:\/\/yoast.com\/product\/yoast-seo-wordpress\/ -->\n<title>Media Fluent - Paulina Joaristi<\/title>\n<meta name=\"robots\" content=\"index, follow, max-snippet:-1, max-image-preview:large, max-video-preview:-1\" \/>\n<link rel=\"canonical\" href=\"https:\/\/joaristi.com\/es\/media-fluent\/\" \/>\n<meta property=\"og:locale\" content=\"es_ES\" \/>\n<meta property=\"og:type\" content=\"article\" \/>\n<meta property=\"og:title\" content=\"Media Fluent - Paulina Joaristi\" \/>\n<meta property=\"og:description\" content=\"Media Fluent \u00a1Conoce m\u00e1s de mi nuevo curso! Deja tus datos y pronto te estar\u00e9 enviando m\u00e1s informaci\u00f3n...\" \/>\n<meta property=\"og:url\" content=\"https:\/\/joaristi.com\/es\/media-fluent\/\" \/>\n<meta property=\"og:site_name\" content=\"Paulina Joaristi\" \/>\n<meta property=\"article:modified_time\" content=\"2022-04-29T03:39:35+00:00\" \/>\n<meta property=\"og:image\" content=\"http:\/\/joaristi.com\/wp-content\/uploads\/2022\/02\/Media-books-683x1024.jpeg\" \/>\n<meta name=\"twitter:card\" content=\"summary_large_image\" \/>\n<meta name=\"twitter:label1\" content=\"Est. reading time\" \/>\n\t<meta name=\"twitter:data1\" content=\"1 minute\" \/>\n<script type=\"application\/ld+json\" class=\"yoast-schema-graph\">{\"@context\":\"https:\\\/\\\/schema.org\",\"@graph\":[{\"@type\":\"WebPage\",\"@id\":\"https:\\\/\\\/joaristi.com\\\/media-fluent\\\/\",\"url\":\"https:\\\/\\\/joaristi.com\\\/media-fluent\\\/\",\"name\":\"Media Fluent - Paulina Joaristi\",\"isPartOf\":{\"@id\":\"https:\\\/\\\/joaristi.com\\\/#website\"},\"primaryImageOfPage\":{\"@id\":\"https:\\\/\\\/joaristi.com\\\/media-fluent\\\/#primaryimage\"},\"image\":{\"@id\":\"https:\\\/\\\/joaristi.com\\\/media-fluent\\\/#primaryimage\"},\"thumbnailUrl\":\"http:\\\/\\\/joaristi.com\\\/wp-content\\\/uploads\\\/2022\\\/02\\\/Media-books-683x1024.jpeg\",\"datePublished\":\"2022-04-29T03:16:11+00:00\",\"dateModified\":\"2022-04-29T03:39:35+00:00\",\"breadcrumb\":{\"@id\":\"https:\\\/\\\/joaristi.com\\\/media-fluent\\\/#breadcrumb\"},\"inLanguage\":\"es-ES\",\"potentialAction\":[{\"@type\":\"ReadAction\",\"target\":[\"https:\\\/\\\/joaristi.com\\\/media-fluent\\\/\"]}]},{\"@type\":\"ImageObject\",\"inLanguage\":\"es-ES\",\"@id\":\"https:\\\/\\\/joaristi.com\\\/media-fluent\\\/#primaryimage\",\"url\":\"http:\\\/\\\/joaristi.com\\\/wp-content\\\/uploads\\\/2022\\\/02\\\/Media-books-683x1024.jpeg\",\"contentUrl\":\"http:\\\/\\\/joaristi.com\\\/wp-content\\\/uploads\\\/2022\\\/02\\\/Media-books-683x1024.jpeg\"},{\"@type\":\"BreadcrumbList\",\"@id\":\"https:\\\/\\\/joaristi.com\\\/media-fluent\\\/#breadcrumb\",\"itemListElement\":[{\"@type\":\"ListItem\",\"position\":1,\"name\":\"Home\",\"item\":\"https:\\\/\\\/joaristi.com\\\/\"},{\"@type\":\"ListItem\",\"position\":2,\"name\":\"Media Fluent\"}]},{\"@type\":\"WebSite\",\"@id\":\"https:\\\/\\\/joaristi.com\\\/#website\",\"url\":\"https:\\\/\\\/joaristi.com\\\/\",\"name\":\"Paulina Joaristi\",\"description\":\"Blog\",\"potentialAction\":[{\"@type\":\"SearchAction\",\"target\":{\"@type\":\"EntryPoint\",\"urlTemplate\":\"https:\\\/\\\/joaristi.com\\\/?s={search_term_string}\"},\"query-input\":{\"@type\":\"PropertyValueSpecification\",\"valueRequired\":true,\"valueName\":\"search_term_string\"}}],\"inLanguage\":\"es-ES\"}]}<\/script>\n<!-- \/ Yoast SEO plugin. -->","yoast_head_json":{"title":"Media Fluent - Paulina Joaristi","robots":{"index":"index","follow":"follow","max-snippet":"max-snippet:-1","max-image-preview":"max-image-preview:large","max-video-preview":"max-video-preview:-1"},"canonical":"https:\/\/joaristi.com\/es\/media-fluent\/","og_locale":"es_ES","og_type":"article","og_title":"Media Fluent - Paulina Joaristi","og_description":"Media Fluent \u00a1Conoce m\u00e1s de mi nuevo curso! Deja tus datos y pronto te estar\u00e9 enviando m\u00e1s informaci\u00f3n...","og_url":"https:\/\/joaristi.com\/es\/media-fluent\/","og_site_name":"Paulina Joaristi","article_modified_time":"2022-04-29T03:39:35+00:00","og_image":[{"url":"http:\/\/joaristi.com\/wp-content\/uploads\/2022\/02\/Media-books-683x1024.jpeg","type":"","width":"","height":""}],"twitter_card":"summary_large_image","twitter_misc":{"Est. reading time":"1 minute"},"schema":{"@context":"https:\/\/schema.org","@graph":[{"@type":"WebPage","@id":"https:\/\/joaristi.com\/media-fluent\/","url":"https:\/\/joaristi.com\/media-fluent\/","name":"Media Fluent - Paulina Joaristi","isPartOf":{"@id":"https:\/\/joaristi.com\/#website"},"primaryImageOfPage":{"@id":"https:\/\/joaristi.com\/media-fluent\/#primaryimage"},"image":{"@id":"https:\/\/joaristi.com\/media-fluent\/#primaryimage"},"thumbnailUrl":"http:\/\/joaristi.com\/wp-content\/uploads\/2022\/02\/Media-books-683x1024.jpeg","datePublished":"2022-04-29T03:16:11+00:00","dateModified":"2022-04-29T03:39:35+00:00","breadcrumb":{"@id":"https:\/\/joaristi.com\/media-fluent\/#breadcrumb"},"inLanguage":"es-ES","potentialAction":[{"@type":"ReadAction","target":["https:\/\/joaristi.com\/media-fluent\/"]}]},{"@type":"ImageObject","inLanguage":"es-ES","@id":"https:\/\/joaristi.com\/media-fluent\/#primaryimage","url":"http:\/\/joaristi.com\/wp-content\/uploads\/2022\/02\/Media-books-683x1024.jpeg","contentUrl":"http:\/\/joaristi.com\/wp-content\/uploads\/2022\/02\/Media-books-683x1024.jpeg"},{"@type":"BreadcrumbList","@id":"https:\/\/joaristi.com\/media-fluent\/#breadcrumb","itemListElement":[{"@type":"ListItem","position":1,"name":"Home","item":"https:\/\/joaristi.com\/"},{"@type":"ListItem","position":2,"name":"Media Fluent"}]},{"@type":"WebSite","@id":"https:\/\/joaristi.com\/#website","url":"https:\/\/joaristi.com\/","name":"Paulina Joaristi","description":"Blog","potentialAction":[{"@type":"SearchAction","target":{"@type":"EntryPoint","urlTemplate":"https:\/\/joaristi.com\/?s={search_term_string}"},"query-input":{"@type":"PropertyValueSpecification","valueRequired":true,"valueName":"search_term_string"}}],"inLanguage":"es-ES"}]}},"_links":{"self":[{"href":"https:\/\/joaristi.com\/es\/wp-json\/wp\/v2\/pages\/23749","targetHints":{"allow":["GET"]}}],"collection":[{"href":"https:\/\/joaristi.com\/es\/wp-json\/wp\/v2\/pages"}],"about":[{"href":"https:\/\/joaristi.com\/es\/wp-json\/wp\/v2\/types\/page"}],"author":[{"embeddable":true,"href":"https:\/\/joaristi.com\/es\/wp-json\/wp\/v2\/users\/1"}],"replies":[{"embeddable":true,"href":"https:\/\/joaristi.com\/es\/wp-json\/wp\/v2\/comments?post=23749"}],"version-history":[{"count":5,"href":"https:\/\/joaristi.com\/es\/wp-json\/wp\/v2\/pages\/23749\/revisions"}],"predecessor-version":[{"id":23782,"href":"https:\/\/joaristi.com\/es\/wp-json\/wp\/v2\/pages\/23749\/revisions\/23782"}],"wp:attachment":[{"href":"https:\/\/joaristi.com\/es\/wp-json\/wp\/v2\/media?parent=23749"}],"curies":[{"name":"wp","href":"https:\/\/api.w.org\/{rel}","templated":true}]}}