{"id":22652,"date":"2021-07-12T17:38:28","date_gmt":"2021-07-12T23:38:28","guid":{"rendered":"http:\/\/joaristi.com\/?page_id=22652"},"modified":"2021-07-12T17:45:59","modified_gmt":"2021-07-12T23:45:59","slug":"all-over-tik-tok","status":"publish","type":"page","link":"https:\/\/joaristi.com\/es\/freebies\/all-over-tik-tok\/","title":{"rendered":"All Over Tik Tok"},"content":{"rendered":"<div data-elementor-type=\"wp-page\" data-elementor-id=\"22652\" class=\"elementor elementor-22652\">\n\t\t\t\t\t\t<section class=\"elementor-section elementor-top-section elementor-element elementor-element-721dc98 elementor-section-boxed elementor-section-height-default elementor-section-height-default neuron-fixed-no\" data-id=\"721dc98\" data-element_type=\"section\" data-e-type=\"section\">\n\t\t\t\t\t\t<div class=\"elementor-container elementor-column-gap-default\">\n\t\t\t\t\t<div class=\"elementor-column elementor-col-50 elementor-top-column elementor-element elementor-element-4529785\" data-id=\"4529785\" data-element_type=\"column\" data-e-type=\"column\">\n\t\t\t<div class=\"elementor-widget-wrap elementor-element-populated\">\n\t\t\t\t\t\t<div class=\"elementor-element elementor-element-8d9dae6 elementor-widget elementor-widget-image\" data-id=\"8d9dae6\" data-element_type=\"widget\" data-e-type=\"widget\" data-widget_type=\"image.default\">\n\t\t\t\t<div class=\"elementor-widget-container\">\n\t\t\t\t\t\t\t\t\t\t\t\t\t\t\t<img fetchpriority=\"high\" decoding=\"async\" width=\"768\" height=\"505\" src=\"https:\/\/joaristi.com\/wp-content\/uploads\/2021\/07\/All-Over-TikTok-768x505.jpg\" class=\"attachment-medium_large size-medium_large wp-image-22658\" alt=\"\" srcset=\"https:\/\/joaristi.com\/wp-content\/uploads\/2021\/07\/All-Over-TikTok-768x505.jpg 768w, https:\/\/joaristi.com\/wp-content\/uploads\/2021\/07\/All-Over-TikTok-300x197.jpg 300w, https:\/\/joaristi.com\/wp-content\/uploads\/2021\/07\/All-Over-TikTok-1024x673.jpg 1024w, https:\/\/joaristi.com\/wp-content\/uploads\/2021\/07\/All-Over-TikTok-1536x1010.jpg 1536w, https:\/\/joaristi.com\/wp-content\/uploads\/2021\/07\/All-Over-TikTok-2048x1347.jpg 2048w, https:\/\/joaristi.com\/wp-content\/uploads\/2021\/07\/All-Over-TikTok-16x12.jpg 16w, https:\/\/joaristi.com\/wp-content\/uploads\/2021\/07\/All-Over-TikTok-600x394.jpg 600w\" sizes=\"(max-width: 768px) 100vw, 768px\" \/>\t\t\t\t\t\t\t\t\t\t\t\t\t\t\t<\/div>\n\t\t\t\t<\/div>\n\t\t\t\t\t<\/div>\n\t\t<\/div>\n\t\t\t\t<div class=\"elementor-column elementor-col-50 elementor-top-column elementor-element elementor-element-88dfe97\" data-id=\"88dfe97\" data-element_type=\"column\" data-e-type=\"column\">\n\t\t\t<div class=\"elementor-widget-wrap elementor-element-populated\">\n\t\t\t\t\t\t<div class=\"elementor-element elementor-element-34377a5 elementor-widget elementor-widget-heading\" data-id=\"34377a5\" data-element_type=\"widget\" data-e-type=\"widget\" data-widget_type=\"heading.default\">\n\t\t\t\t<div class=\"elementor-widget-container\">\n\t\t\t\t\t<h1 class=\"elementor-heading-title elementor-size-default\">All Over Tik Tok<\/h1>\t\t\t\t<\/div>\n\t\t\t\t<\/div>\n\t\t\t\t<div class=\"elementor-element elementor-element-2563174 elementor-widget elementor-widget-text-editor\" data-id=\"2563174\" data-element_type=\"widget\" data-e-type=\"widget\" data-widget_type=\"text-editor.default\">\n\t\t\t\t<div class=\"elementor-widget-container\">\n\t\t\t\t\t\t\t\t\t<p><strong>Descarga mi guia para TikTok<\/strong><\/p><p>\u00a1Entremos en tendencias! Con este freebie quiero compartirte algunos tips s\u00faper \u00fatiles de c\u00f3mo usar tu cuenta de TikTok para tu negocio o marca personal. \u00bfListos para crear videos?<\/p>\t\t\t\t\t\t\t\t<\/div>\n\t\t\t\t<\/div>\n\t\t\t\t<div class=\"elementor-element elementor-element-6d8f6ef elementor-widget elementor-widget-shortcode\" data-id=\"6d8f6ef\" data-element_type=\"widget\" data-e-type=\"widget\" data-no-translation=\"\" data-widget_type=\"shortcode.default\">\n\t\t\t\t<div class=\"elementor-widget-container\">\n\t\t\t\t\t<style>.elementor-element-6d8f6ef{display:none !important}<\/style>\t\t\t\t<\/div>\n\t\t\t\t<\/div>\n\t\t\t\t<div class=\"elementor-element elementor-element-fcdb176 elementor-widget elementor-widget-shortcode\" data-id=\"fcdb176\" data-element_type=\"widget\" data-e-type=\"widget\" data-no-translation=\"\" data-widget_type=\"shortcode.default\">\n\t\t\t\t<div class=\"elementor-widget-container\">\n\t\t\t\t\t\t\t<div class=\"elementor-shortcode\">\n<div class=\"wpcf7 no-js\" id=\"wpcf7-f22656-o2\" lang=\"en-US\" dir=\"ltr\" data-wpcf7-id=\"22656\">\n<div class=\"screen-reader-response\"><p role=\"status\" aria-live=\"polite\" aria-atomic=\"true\"><\/p> <ul><\/ul><\/div>\n<form action=\"\/es\/wp-json\/wp\/v2\/pages\/22652#wpcf7-f22656-o2\" method=\"post\" class=\"wpcf7-form init chimpmatic-1.3.8 1688e95887d4 cmatic-conn cmatic-aud-3 cmatic-mapd0-0 cmatic-v0978 cmatic-sent-0 cmatic-total-0\" aria-label=\"Contact form\" novalidate=\"novalidate\" data-status=\"init\" data-trp-original-action=\"\/es\/wp-json\/wp\/v2\/pages\/22652#wpcf7-f22656-o2\">\n<fieldset class=\"hidden-fields-container\"><input type=\"hidden\" name=\"_wpcf7\" value=\"22656\" \/><input type=\"hidden\" name=\"_wpcf7_version\" value=\"6.1.5\" \/><input type=\"hidden\" name=\"_wpcf7_locale\" value=\"en_US\" \/><input type=\"hidden\" name=\"_wpcf7_unit_tag\" value=\"wpcf7-f22656-o2\" \/><input type=\"hidden\" name=\"_wpcf7_container_post\" value=\"0\" \/><input type=\"hidden\" name=\"_wpcf7_posted_data_hash\" value=\"\" \/>\n<\/fieldset>\n<div class=\"row\">\n\t<div class=\"col-sm-6 h-medium-bottom-padding\">\n\t\t<p><span class=\"wpcf7-form-control-wrap\" data-name=\"your-name\"><input size=\"40\" maxlength=\"400\" class=\"wpcf7-form-control wpcf7-text wpcf7-validates-as-required\" aria-required=\"true\" aria-invalid=\"false\" placeholder=\"Nombre\" value=\"\" type=\"text\" name=\"your-name\" \/><\/span>\n\t\t<\/p>\n\t<\/div>\n\t<div class=\"col-sm-6 h-medium-bottom-padding\">\n\t\t<p><span class=\"wpcf7-form-control-wrap\" data-name=\"last-name\"><input size=\"40\" maxlength=\"400\" class=\"wpcf7-form-control wpcf7-text wpcf7-validates-as-required\" aria-required=\"true\" aria-invalid=\"false\" placeholder=\"Apellido\" value=\"\" type=\"text\" name=\"last-name\" \/><\/span>\n\t\t<\/p>\n\t<\/div>\n\t<div class=\"col-sm-6 h-medium-bottom-padding\">\n\t\t<p><span class=\"wpcf7-form-control-wrap\" data-name=\"your-email\"><input size=\"40\" maxlength=\"400\" class=\"wpcf7-form-control wpcf7-email wpcf7-validates-as-required wpcf7-text wpcf7-validates-as-email\" aria-required=\"true\" aria-invalid=\"false\" placeholder=\"Email\" value=\"\" type=\"email\" name=\"your-email\" \/><\/span>\n\t\t<\/p>\n\t<\/div>\n\t<div class=\"col-sm-6 h-medium-bottom-padding\">\n\t\t<p><span class=\"wpcf7-form-control-wrap\" data-name=\"phone\"><input size=\"40\" maxlength=\"400\" class=\"wpcf7-form-control wpcf7-text\" aria-invalid=\"false\" placeholder=\"Tel\u00e9fono\" value=\"\" type=\"text\" name=\"phone\" \/><\/span>\n\t\t<\/p>\n\t<\/div>\n\t<p><input class=\"wpcf7-form-control wpcf7-submit has-spinner\" type=\"submit\" value=\"Env\u00edame la gu\u00eda!\" \/>\n\t<\/p>\n<\/div><div class=\"wpcf7-response-output\" aria-hidden=\"true\"><\/div>\n<input type=\"hidden\" name=\"trp-form-language\" value=\"es\"\/><\/form>\n<\/div>\n<\/div>\n\t\t\t\t\t\t<\/div>\n\t\t\t\t<\/div>\n\t\t\t\t\t<\/div>\n\t\t<\/div>\n\t\t\t\t\t<\/div>\n\t\t<\/section>\n\t\t\t\t<\/div>","protected":false},"excerpt":{"rendered":"<p>All Over Tik Tok Get my FREE TikTok guide! Let&#8217;s get into trends! With this freebie I want&#8230;<\/p>","protected":false},"author":1,"featured_media":0,"parent":22458,"menu_order":0,"comment_status":"closed","ping_status":"closed","template":"","meta":{"_acf_changed":false,"inline_featured_image":false,"footnotes":"","_links_to":"","_links_to_target":""},"class_list":["post-22652","page","type-page","status-publish","hentry"],"acf":[],"yoast_head":"<!-- This site is optimized with the Yoast SEO plugin v27.3 - https:\/\/yoast.com\/product\/yoast-seo-wordpress\/ -->\n<title>All Over Tik Tok - Paulina Joaristi<\/title>\n<meta name=\"robots\" content=\"index, follow, max-snippet:-1, max-image-preview:large, max-video-preview:-1\" \/>\n<link rel=\"canonical\" href=\"https:\/\/joaristi.com\/es\/freebies\/all-over-tik-tok\/\" \/>\n<meta property=\"og:locale\" content=\"es_ES\" \/>\n<meta property=\"og:type\" content=\"article\" \/>\n<meta property=\"og:title\" content=\"All Over Tik Tok - Paulina Joaristi\" \/>\n<meta property=\"og:description\" content=\"All Over Tik Tok Get my FREE TikTok guide! Let&#8217;s get into trends! With this freebie I want...\" \/>\n<meta property=\"og:url\" content=\"https:\/\/joaristi.com\/es\/freebies\/all-over-tik-tok\/\" \/>\n<meta property=\"og:site_name\" content=\"Paulina Joaristi\" \/>\n<meta property=\"article:modified_time\" content=\"2021-07-12T23:45:59+00:00\" \/>\n<meta property=\"og:image\" content=\"http:\/\/joaristi.com\/wp-content\/uploads\/2021\/07\/All-Over-TikTok-768x505.jpg\" \/>\n<meta name=\"twitter:card\" content=\"summary_large_image\" \/>\n<meta name=\"twitter:label1\" content=\"Est. reading time\" \/>\n\t<meta name=\"twitter:data1\" content=\"1 minute\" \/>\n<script type=\"application\/ld+json\" class=\"yoast-schema-graph\">{\"@context\":\"https:\\\/\\\/schema.org\",\"@graph\":[{\"@type\":\"WebPage\",\"@id\":\"https:\\\/\\\/joaristi.com\\\/freebies\\\/all-over-tik-tok\\\/\",\"url\":\"https:\\\/\\\/joaristi.com\\\/freebies\\\/all-over-tik-tok\\\/\",\"name\":\"All Over Tik Tok - Paulina Joaristi\",\"isPartOf\":{\"@id\":\"https:\\\/\\\/joaristi.com\\\/#website\"},\"primaryImageOfPage\":{\"@id\":\"https:\\\/\\\/joaristi.com\\\/freebies\\\/all-over-tik-tok\\\/#primaryimage\"},\"image\":{\"@id\":\"https:\\\/\\\/joaristi.com\\\/freebies\\\/all-over-tik-tok\\\/#primaryimage\"},\"thumbnailUrl\":\"http:\\\/\\\/joaristi.com\\\/wp-content\\\/uploads\\\/2021\\\/07\\\/All-Over-TikTok-768x505.jpg\",\"datePublished\":\"2021-07-12T23:38:28+00:00\",\"dateModified\":\"2021-07-12T23:45:59+00:00\",\"breadcrumb\":{\"@id\":\"https:\\\/\\\/joaristi.com\\\/freebies\\\/all-over-tik-tok\\\/#breadcrumb\"},\"inLanguage\":\"es-ES\",\"potentialAction\":[{\"@type\":\"ReadAction\",\"target\":[\"https:\\\/\\\/joaristi.com\\\/freebies\\\/all-over-tik-tok\\\/\"]}]},{\"@type\":\"ImageObject\",\"inLanguage\":\"es-ES\",\"@id\":\"https:\\\/\\\/joaristi.com\\\/freebies\\\/all-over-tik-tok\\\/#primaryimage\",\"url\":\"http:\\\/\\\/joaristi.com\\\/wp-content\\\/uploads\\\/2021\\\/07\\\/All-Over-TikTok-768x505.jpg\",\"contentUrl\":\"http:\\\/\\\/joaristi.com\\\/wp-content\\\/uploads\\\/2021\\\/07\\\/All-Over-TikTok-768x505.jpg\"},{\"@type\":\"BreadcrumbList\",\"@id\":\"https:\\\/\\\/joaristi.com\\\/freebies\\\/all-over-tik-tok\\\/#breadcrumb\",\"itemListElement\":[{\"@type\":\"ListItem\",\"position\":1,\"name\":\"Home\",\"item\":\"https:\\\/\\\/joaristi.com\\\/\"},{\"@type\":\"ListItem\",\"position\":2,\"name\":\"Freebies\",\"item\":\"https:\\\/\\\/joaristi.com\\\/freebies\\\/\"},{\"@type\":\"ListItem\",\"position\":3,\"name\":\"All Over Tik Tok\"}]},{\"@type\":\"WebSite\",\"@id\":\"https:\\\/\\\/joaristi.com\\\/#website\",\"url\":\"https:\\\/\\\/joaristi.com\\\/\",\"name\":\"Paulina Joaristi\",\"description\":\"Blog\",\"potentialAction\":[{\"@type\":\"SearchAction\",\"target\":{\"@type\":\"EntryPoint\",\"urlTemplate\":\"https:\\\/\\\/joaristi.com\\\/?s={search_term_string}\"},\"query-input\":{\"@type\":\"PropertyValueSpecification\",\"valueRequired\":true,\"valueName\":\"search_term_string\"}}],\"inLanguage\":\"es-ES\"}]}<\/script>\n<!-- \/ Yoast SEO plugin. -->","yoast_head_json":{"title":"All Over Tik Tok - Paulina Joaristi","robots":{"index":"index","follow":"follow","max-snippet":"max-snippet:-1","max-image-preview":"max-image-preview:large","max-video-preview":"max-video-preview:-1"},"canonical":"https:\/\/joaristi.com\/es\/freebies\/all-over-tik-tok\/","og_locale":"es_ES","og_type":"article","og_title":"All Over Tik Tok - Paulina Joaristi","og_description":"All Over Tik Tok Get my FREE TikTok guide! Let&#8217;s get into trends! With this freebie I want...","og_url":"https:\/\/joaristi.com\/es\/freebies\/all-over-tik-tok\/","og_site_name":"Paulina Joaristi","article_modified_time":"2021-07-12T23:45:59+00:00","og_image":[{"url":"http:\/\/joaristi.com\/wp-content\/uploads\/2021\/07\/All-Over-TikTok-768x505.jpg","type":"","width":"","height":""}],"twitter_card":"summary_large_image","twitter_misc":{"Est. reading time":"1 minute"},"schema":{"@context":"https:\/\/schema.org","@graph":[{"@type":"WebPage","@id":"https:\/\/joaristi.com\/freebies\/all-over-tik-tok\/","url":"https:\/\/joaristi.com\/freebies\/all-over-tik-tok\/","name":"All Over Tik Tok - Paulina Joaristi","isPartOf":{"@id":"https:\/\/joaristi.com\/#website"},"primaryImageOfPage":{"@id":"https:\/\/joaristi.com\/freebies\/all-over-tik-tok\/#primaryimage"},"image":{"@id":"https:\/\/joaristi.com\/freebies\/all-over-tik-tok\/#primaryimage"},"thumbnailUrl":"http:\/\/joaristi.com\/wp-content\/uploads\/2021\/07\/All-Over-TikTok-768x505.jpg","datePublished":"2021-07-12T23:38:28+00:00","dateModified":"2021-07-12T23:45:59+00:00","breadcrumb":{"@id":"https:\/\/joaristi.com\/freebies\/all-over-tik-tok\/#breadcrumb"},"inLanguage":"es-ES","potentialAction":[{"@type":"ReadAction","target":["https:\/\/joaristi.com\/freebies\/all-over-tik-tok\/"]}]},{"@type":"ImageObject","inLanguage":"es-ES","@id":"https:\/\/joaristi.com\/freebies\/all-over-tik-tok\/#primaryimage","url":"http:\/\/joaristi.com\/wp-content\/uploads\/2021\/07\/All-Over-TikTok-768x505.jpg","contentUrl":"http:\/\/joaristi.com\/wp-content\/uploads\/2021\/07\/All-Over-TikTok-768x505.jpg"},{"@type":"BreadcrumbList","@id":"https:\/\/joaristi.com\/freebies\/all-over-tik-tok\/#breadcrumb","itemListElement":[{"@type":"ListItem","position":1,"name":"Home","item":"https:\/\/joaristi.com\/"},{"@type":"ListItem","position":2,"name":"Freebies","item":"https:\/\/joaristi.com\/freebies\/"},{"@type":"ListItem","position":3,"name":"All Over Tik Tok"}]},{"@type":"WebSite","@id":"https:\/\/joaristi.com\/#website","url":"https:\/\/joaristi.com\/","name":"Paulina Joaristi","description":"Blog","potentialAction":[{"@type":"SearchAction","target":{"@type":"EntryPoint","urlTemplate":"https:\/\/joaristi.com\/?s={search_term_string}"},"query-input":{"@type":"PropertyValueSpecification","valueRequired":true,"valueName":"search_term_string"}}],"inLanguage":"es-ES"}]}},"_links":{"self":[{"href":"https:\/\/joaristi.com\/es\/wp-json\/wp\/v2\/pages\/22652","targetHints":{"allow":["GET"]}}],"collection":[{"href":"https:\/\/joaristi.com\/es\/wp-json\/wp\/v2\/pages"}],"about":[{"href":"https:\/\/joaristi.com\/es\/wp-json\/wp\/v2\/types\/page"}],"author":[{"embeddable":true,"href":"https:\/\/joaristi.com\/es\/wp-json\/wp\/v2\/users\/1"}],"replies":[{"embeddable":true,"href":"https:\/\/joaristi.com\/es\/wp-json\/wp\/v2\/comments?post=22652"}],"version-history":[{"count":5,"href":"https:\/\/joaristi.com\/es\/wp-json\/wp\/v2\/pages\/22652\/revisions"}],"predecessor-version":[{"id":22676,"href":"https:\/\/joaristi.com\/es\/wp-json\/wp\/v2\/pages\/22652\/revisions\/22676"}],"up":[{"embeddable":true,"href":"https:\/\/joaristi.com\/es\/wp-json\/wp\/v2\/pages\/22458"}],"wp:attachment":[{"href":"https:\/\/joaristi.com\/es\/wp-json\/wp\/v2\/media?parent=22652"}],"curies":[{"name":"wp","href":"https:\/\/api.w.org\/{rel}","templated":true}]}}