{"id":22458,"date":"2021-04-28T14:10:08","date_gmt":"2021-04-28T20:10:08","guid":{"rendered":"http:\/\/joaristi.com\/?page_id=22458"},"modified":"2021-10-06T15:59:23","modified_gmt":"2021-10-06T21:59:23","slug":"freebies","status":"publish","type":"page","link":"https:\/\/joaristi.com\/es\/freebies\/","title":{"rendered":"Freebies"},"content":{"rendered":"<div data-elementor-type=\"wp-post\" data-elementor-id=\"22458\" class=\"elementor elementor-22458\">\n\t\t\t\t\t\t<section class=\"elementor-section elementor-top-section elementor-element elementor-element-690262c elementor-section-full_width elementor-section-content-middle elementor-section-height-default elementor-section-height-default neuron-fixed-no\" data-id=\"690262c\" data-element_type=\"section\" data-e-type=\"section\">\n\t\t\t\t\t\t<div class=\"elementor-container elementor-column-gap-wider\">\n\t\t\t\t\t<div class=\"elementor-column elementor-col-50 elementor-top-column elementor-element elementor-element-3123e03\" data-id=\"3123e03\" data-element_type=\"column\" data-e-type=\"column\">\n\t\t\t<div class=\"elementor-widget-wrap elementor-element-populated\">\n\t\t\t\t\t\t<div class=\"elementor-element elementor-element-ca684e6 elementor-widget elementor-widget-image\" data-id=\"ca684e6\" data-element_type=\"widget\" data-e-type=\"widget\" data-widget_type=\"image.default\">\n\t\t\t\t<div class=\"elementor-widget-container\">\n\t\t\t\t\t\t\t\t\t\t\t\t\t\t\t<img fetchpriority=\"high\" decoding=\"async\" width=\"683\" height=\"1024\" src=\"https:\/\/joaristi.com\/wp-content\/uploads\/2021\/04\/Freebies-683x1024.jpg\" class=\"attachment-large size-large wp-image-22480\" alt=\"\" srcset=\"https:\/\/joaristi.com\/wp-content\/uploads\/2021\/04\/Freebies-683x1024.jpg 683w, https:\/\/joaristi.com\/wp-content\/uploads\/2021\/04\/Freebies-200x300.jpg 200w, https:\/\/joaristi.com\/wp-content\/uploads\/2021\/04\/Freebies-768x1152.jpg 768w, https:\/\/joaristi.com\/wp-content\/uploads\/2021\/04\/Freebies-8x12.jpg 8w, https:\/\/joaristi.com\/wp-content\/uploads\/2021\/04\/Freebies-600x900.jpg 600w, https:\/\/joaristi.com\/wp-content\/uploads\/2021\/04\/Freebies.jpg 1000w\" sizes=\"(max-width: 683px) 100vw, 683px\" \/>\t\t\t\t\t\t\t\t\t\t\t\t\t\t\t<\/div>\n\t\t\t\t<\/div>\n\t\t\t\t\t<\/div>\n\t\t<\/div>\n\t\t\t\t<div class=\"elementor-column elementor-col-50 elementor-top-column elementor-element elementor-element-160bd3e\" data-id=\"160bd3e\" data-element_type=\"column\" data-e-type=\"column\">\n\t\t\t<div class=\"elementor-widget-wrap elementor-element-populated\">\n\t\t\t\t\t\t<section class=\"elementor-section elementor-inner-section elementor-element elementor-element-1bad45f elementor-section-boxed elementor-section-height-default elementor-section-height-default\" data-id=\"1bad45f\" data-element_type=\"section\" data-e-type=\"section\">\n\t\t\t\t\t\t<div class=\"elementor-container elementor-column-gap-no\">\n\t\t\t\t\t<div class=\"elementor-column elementor-col-100 elementor-inner-column elementor-element elementor-element-099524a\" data-id=\"099524a\" data-element_type=\"column\" data-e-type=\"column\">\n\t\t\t<div class=\"elementor-widget-wrap elementor-element-populated\">\n\t\t\t\t\t\t<div class=\"elementor-element elementor-element-ed431dc elementor-widget elementor-widget-heading\" data-id=\"ed431dc\" data-element_type=\"widget\" data-e-type=\"widget\" data-widget_type=\"heading.default\">\n\t\t\t\t<div class=\"elementor-widget-container\">\n\t\t\t\t\t<h1 class=\"elementor-heading-title elementor-size-default\">FREEBIES<\/h1>\t\t\t\t<\/div>\n\t\t\t\t<\/div>\n\t\t\t\t<div class=\"elementor-element elementor-element-621418f elementor-widget elementor-widget-text-editor\" data-id=\"621418f\" data-element_type=\"widget\" data-e-type=\"widget\" data-widget_type=\"text-editor.default\">\n\t\t\t\t<div class=\"elementor-widget-container\">\n\t\t\t\t\t\t\t\t\t<p>Welcome to one of my favorite sections: freebies.<\/p>\t\t\t\t\t\t\t\t<\/div>\n\t\t\t\t<\/div>\n\t\t\t\t\t<\/div>\n\t\t<\/div>\n\t\t\t\t\t<\/div>\n\t\t<\/section>\n\t\t\t\t<div class=\"elementor-element elementor-element-9dc0944 elementor-widget elementor-widget-text-editor\" data-id=\"9dc0944\" data-element_type=\"widget\" data-e-type=\"widget\" data-widget_type=\"text-editor.default\">\n\t\t\t\t<div class=\"elementor-widget-container\">\n\t\t\t\t\t\t\t\t\t<p>I love being able to help you create the right formula for your business so I want to share with you free guides that will help you improve your organic presence on social networks.<\/p>\t\t\t\t\t\t\t\t<\/div>\n\t\t\t\t<\/div>\n\t\t\t\t<div class=\"elementor-element elementor-element-eda89c9 elementor-widget elementor-widget-text-editor\" data-id=\"eda89c9\" data-element_type=\"widget\" data-e-type=\"widget\" data-widget_type=\"text-editor.default\">\n\t\t\t\t<div class=\"elementor-widget-container\">\n\t\t\t\t\t\t\t\t\t<p>Current freebies:<\/p><p><a style=\"font-weight: bold;\" href=\"https:\/\/http:\/\/joaristi.com\/\/freebies\/hashtag-masterlist\/\">Hashtag Masterlist<\/a><br \/>Aqu\u00ed la tienes, \u00a1la lista maestra de #hashtags!<\/p><p>Aprovecha esta gu\u00eda y empieza a conectar tu contenido a un t\u00f3pico en especial, un evento o un tema de conversaci\u00f3n que est\u00e9 en tendencia para que sea m\u00e1s f\u00e1cil de descubrir de forma org\u00e1nica.<\/p><p><strong><a href=\"https:\/\/http:\/\/joaristi.com\/\/freebies\/intro-to-basics\/\">Intro to basics<\/a><br \/><\/strong>La gu\u00eda m\u00e1s simple para que aprendas lo que necesitas saber sobre Instagram y c\u00f3mo utilizarlo para hacer crecer tu negocio o tu marca personal.<\/p><p><a style=\"font-weight: bold;\" href=\"https:\/\/http:\/\/joaristi.com\/\/freebies\/all-over-tik-tok\/\">All Over TikTok<\/a><br \/>\u00a1Entremos en tendencias! Con este freebie quiero compartirte algunos tips s\u00faper \u00fatiles de c\u00f3mo usar tu cuenta de TikTok para tu negocio o marca personal. \u00bfListos para crear videos?<\/p><p><strong><a style=\"font-weight: bold;\" href=\"https:\/\/http:\/\/joaristi.com\/\/freebies\/content-calendar\/\">Content calendar<\/a><br \/><\/strong>Dise\u00f1e este calendario para ayudarte a organizar tus publicaciones para que as\u00ed sepas exactamente qu\u00e9 tipo de contenido y cuando lo vas a compartir.<\/p>\t\t\t\t\t\t\t\t<\/div>\n\t\t\t\t<\/div>\n\t\t\t\t\t<\/div>\n\t\t<\/div>\n\t\t\t\t\t<\/div>\n\t\t<\/section>\n\t\t\t\t<section class=\"elementor-section elementor-top-section elementor-element elementor-element-0616528 elementor-section-boxed elementor-section-height-default elementor-section-height-default neuron-fixed-no\" data-id=\"0616528\" data-element_type=\"section\" data-e-type=\"section\">\n\t\t\t\t\t\t<div class=\"elementor-container elementor-column-gap-default\">\n\t\t\t\t\t<div class=\"elementor-column elementor-col-100 elementor-top-column elementor-element elementor-element-381dc87\" data-id=\"381dc87\" data-element_type=\"column\" data-e-type=\"column\">\n\t\t\t<div class=\"elementor-widget-wrap elementor-element-populated\">\n\t\t\t\t\t\t<div class=\"elementor-element elementor-element-2713423 elementor-widget elementor-widget-heading\" data-id=\"2713423\" data-element_type=\"widget\" data-e-type=\"widget\" data-widget_type=\"heading.default\">\n\t\t\t\t<div class=\"elementor-widget-container\">\n\t\t\t\t\t<h1 class=\"elementor-heading-title elementor-size-default\">FAQ's<\/h1>\t\t\t\t<\/div>\n\t\t\t\t<\/div>\n\t\t\t\t<div class=\"elementor-element elementor-element-d5309d9 elementor-widget elementor-widget-accordion\" data-id=\"d5309d9\" data-element_type=\"widget\" data-e-type=\"widget\" data-widget_type=\"accordion.default\">\n\t\t\t\t<div class=\"elementor-widget-container\">\n\t\t\t\t\t\t\t<div class=\"elementor-accordion\">\n\t\t\t\t\t\t\t<div class=\"elementor-accordion-item\">\n\t\t\t\t\t<div id=\"elementor-tab-title-2231\" class=\"elementor-tab-title\" data-tab=\"1\" role=\"button\" aria-controls=\"elementor-tab-content-2231\" aria-expanded=\"false\">\n\t\t\t\t\t\t\t\t\t\t\t\t\t<span class=\"elementor-accordion-icon elementor-accordion-icon-left\" aria-hidden=\"true\">\n\t\t\t\t\t\t\t\t\t\t\t\t\t\t\t<span class=\"elementor-accordion-icon-closed\"><i class=\"fas fa-plus\"><\/i><\/span>\n\t\t\t\t\t\t\t\t<span class=\"elementor-accordion-icon-opened\"><i class=\"fas fa-minus\"><\/i><\/span>\n\t\t\t\t\t\t\t\t\t\t\t\t\t\t<\/span>\n\t\t\t\t\t\t\t\t\t\t\t\t<a class=\"elementor-accordion-title\" tabindex=\"0\">\u00bfQu\u00e9 son los freebies?<\/a>\n\t\t\t\t\t<\/div>\n\t\t\t\t\t<div id=\"elementor-tab-content-2231\" class=\"elementor-tab-content elementor-clearfix\" data-tab=\"1\" role=\"region\" aria-labelledby=\"elementor-tab-title-2231\"><p>Sencillo: son gu\u00edas que quiero compair contigo totalmente gratis, para que las aproveches y las uses como quieras con tu negocio o tu marca personal.<\/p><\/div>\n\t\t\t\t<\/div>\n\t\t\t\t\t\t\t<div class=\"elementor-accordion-item\">\n\t\t\t\t\t<div id=\"elementor-tab-title-2232\" class=\"elementor-tab-title\" data-tab=\"2\" role=\"button\" aria-controls=\"elementor-tab-content-2232\" aria-expanded=\"false\">\n\t\t\t\t\t\t\t\t\t\t\t\t\t<span class=\"elementor-accordion-icon elementor-accordion-icon-left\" aria-hidden=\"true\">\n\t\t\t\t\t\t\t\t\t\t\t\t\t\t\t<span class=\"elementor-accordion-icon-closed\"><i class=\"fas fa-plus\"><\/i><\/span>\n\t\t\t\t\t\t\t\t<span class=\"elementor-accordion-icon-opened\"><i class=\"fas fa-minus\"><\/i><\/span>\n\t\t\t\t\t\t\t\t\t\t\t\t\t\t<\/span>\n\t\t\t\t\t\t\t\t\t\t\t\t<a class=\"elementor-accordion-title\" tabindex=\"0\">\u00bfTienen alg\u00fan costo?<\/a>\n\t\t\t\t\t<\/div>\n\t\t\t\t\t<div id=\"elementor-tab-content-2232\" class=\"elementor-tab-content elementor-clearfix\" data-tab=\"2\" role=\"region\" aria-labelledby=\"elementor-tab-title-2232\"><p>Nope. Los freebies son totalmente GRATIS.<\/p><\/div>\n\t\t\t\t<\/div>\n\t\t\t\t\t\t\t<div class=\"elementor-accordion-item\">\n\t\t\t\t\t<div id=\"elementor-tab-title-2233\" class=\"elementor-tab-title\" data-tab=\"3\" role=\"button\" aria-controls=\"elementor-tab-content-2233\" aria-expanded=\"false\">\n\t\t\t\t\t\t\t\t\t\t\t\t\t<span class=\"elementor-accordion-icon elementor-accordion-icon-left\" aria-hidden=\"true\">\n\t\t\t\t\t\t\t\t\t\t\t\t\t\t\t<span class=\"elementor-accordion-icon-closed\"><i class=\"fas fa-plus\"><\/i><\/span>\n\t\t\t\t\t\t\t\t<span class=\"elementor-accordion-icon-opened\"><i class=\"fas fa-minus\"><\/i><\/span>\n\t\t\t\t\t\t\t\t\t\t\t\t\t\t<\/span>\n\t\t\t\t\t\t\t\t\t\t\t\t<a class=\"elementor-accordion-title\" tabindex=\"0\">\u00bfC\u00f3mo consigo los freebies?<\/a>\n\t\t\t\t\t<\/div>\n\t\t\t\t\t<div id=\"elementor-tab-content-2233\" class=\"elementor-tab-content elementor-clearfix\" data-tab=\"3\" role=\"region\" aria-labelledby=\"elementor-tab-title-2233\"><p>Es muy f\u00e1cil, solo tienes que hacer clic en la gu\u00eda que te llame la atenci\u00f3n y descargar el material, el cual te llegar\u00e1 a tu correo de forma inmediata.<\/p><\/div>\n\t\t\t\t<\/div>\n\t\t\t\t\t\t\t\t<\/div>\n\t\t\t\t\t\t<\/div>\n\t\t\t\t<\/div>\n\t\t\t\t\t<\/div>\n\t\t<\/div>\n\t\t\t\t\t<\/div>\n\t\t<\/section>\n\t\t\t\t<\/div>","protected":false},"excerpt":{"rendered":"<p>FREEBIES Welcome to one of my favorite sections: freebies. I love being able to help you create the&#8230;<\/p>","protected":false},"author":1,"featured_media":0,"parent":0,"menu_order":5,"comment_status":"closed","ping_status":"closed","template":"","meta":{"_acf_changed":false,"inline_featured_image":false,"footnotes":"","_links_to":"","_links_to_target":""},"class_list":["post-22458","page","type-page","status-publish","hentry"],"acf":[],"yoast_head":"<!-- This site is optimized with the Yoast SEO plugin v27.3 - https:\/\/yoast.com\/product\/yoast-seo-wordpress\/ -->\n<title>Freebies - Paulina Joaristi<\/title>\n<meta name=\"robots\" content=\"index, follow, max-snippet:-1, max-image-preview:large, max-video-preview:-1\" \/>\n<link rel=\"canonical\" href=\"https:\/\/joaristi.com\/es\/freebies\/\" \/>\n<meta property=\"og:locale\" content=\"es_ES\" \/>\n<meta property=\"og:type\" content=\"article\" \/>\n<meta property=\"og:title\" content=\"Freebies - Paulina Joaristi\" \/>\n<meta property=\"og:description\" content=\"FREEBIES Welcome to one of my favorite sections: freebies. I love being able to help you create the...\" \/>\n<meta property=\"og:url\" content=\"https:\/\/joaristi.com\/es\/freebies\/\" \/>\n<meta property=\"og:site_name\" content=\"Paulina Joaristi\" \/>\n<meta property=\"article:modified_time\" content=\"2021-10-06T21:59:23+00:00\" \/>\n<meta property=\"og:image\" content=\"http:\/\/joaristi.com\/wp-content\/uploads\/2021\/04\/Freebies-683x1024.jpg\" \/>\n<meta name=\"twitter:card\" content=\"summary_large_image\" \/>\n<meta name=\"twitter:label1\" content=\"Est. reading time\" \/>\n\t<meta name=\"twitter:data1\" content=\"2 minutes\" \/>\n<script type=\"application\/ld+json\" class=\"yoast-schema-graph\">{\"@context\":\"https:\\\/\\\/schema.org\",\"@graph\":[{\"@type\":\"WebPage\",\"@id\":\"https:\\\/\\\/joaristi.com\\\/freebies\\\/\",\"url\":\"https:\\\/\\\/joaristi.com\\\/freebies\\\/\",\"name\":\"Freebies - Paulina Joaristi\",\"isPartOf\":{\"@id\":\"https:\\\/\\\/joaristi.com\\\/#website\"},\"primaryImageOfPage\":{\"@id\":\"https:\\\/\\\/joaristi.com\\\/freebies\\\/#primaryimage\"},\"image\":{\"@id\":\"https:\\\/\\\/joaristi.com\\\/freebies\\\/#primaryimage\"},\"thumbnailUrl\":\"http:\\\/\\\/joaristi.com\\\/wp-content\\\/uploads\\\/2021\\\/04\\\/Freebies-683x1024.jpg\",\"datePublished\":\"2021-04-28T20:10:08+00:00\",\"dateModified\":\"2021-10-06T21:59:23+00:00\",\"breadcrumb\":{\"@id\":\"https:\\\/\\\/joaristi.com\\\/freebies\\\/#breadcrumb\"},\"inLanguage\":\"es-ES\",\"potentialAction\":[{\"@type\":\"ReadAction\",\"target\":[\"https:\\\/\\\/joaristi.com\\\/freebies\\\/\"]}]},{\"@type\":\"ImageObject\",\"inLanguage\":\"es-ES\",\"@id\":\"https:\\\/\\\/joaristi.com\\\/freebies\\\/#primaryimage\",\"url\":\"http:\\\/\\\/joaristi.com\\\/wp-content\\\/uploads\\\/2021\\\/04\\\/Freebies-683x1024.jpg\",\"contentUrl\":\"http:\\\/\\\/joaristi.com\\\/wp-content\\\/uploads\\\/2021\\\/04\\\/Freebies-683x1024.jpg\"},{\"@type\":\"BreadcrumbList\",\"@id\":\"https:\\\/\\\/joaristi.com\\\/freebies\\\/#breadcrumb\",\"itemListElement\":[{\"@type\":\"ListItem\",\"position\":1,\"name\":\"Home\",\"item\":\"https:\\\/\\\/joaristi.com\\\/\"},{\"@type\":\"ListItem\",\"position\":2,\"name\":\"Freebies\"}]},{\"@type\":\"WebSite\",\"@id\":\"https:\\\/\\\/joaristi.com\\\/#website\",\"url\":\"https:\\\/\\\/joaristi.com\\\/\",\"name\":\"Paulina Joaristi\",\"description\":\"Blog\",\"potentialAction\":[{\"@type\":\"SearchAction\",\"target\":{\"@type\":\"EntryPoint\",\"urlTemplate\":\"https:\\\/\\\/joaristi.com\\\/?s={search_term_string}\"},\"query-input\":{\"@type\":\"PropertyValueSpecification\",\"valueRequired\":true,\"valueName\":\"search_term_string\"}}],\"inLanguage\":\"es-ES\"}]}<\/script>\n<!-- \/ Yoast SEO plugin. -->","yoast_head_json":{"title":"Freebies - Paulina Joaristi","robots":{"index":"index","follow":"follow","max-snippet":"max-snippet:-1","max-image-preview":"max-image-preview:large","max-video-preview":"max-video-preview:-1"},"canonical":"https:\/\/joaristi.com\/es\/freebies\/","og_locale":"es_ES","og_type":"article","og_title":"Freebies - Paulina Joaristi","og_description":"FREEBIES Welcome to one of my favorite sections: freebies. I love being able to help you create the...","og_url":"https:\/\/joaristi.com\/es\/freebies\/","og_site_name":"Paulina Joaristi","article_modified_time":"2021-10-06T21:59:23+00:00","og_image":[{"url":"http:\/\/joaristi.com\/wp-content\/uploads\/2021\/04\/Freebies-683x1024.jpg","type":"","width":"","height":""}],"twitter_card":"summary_large_image","twitter_misc":{"Est. reading time":"2 minutes"},"schema":{"@context":"https:\/\/schema.org","@graph":[{"@type":"WebPage","@id":"https:\/\/joaristi.com\/freebies\/","url":"https:\/\/joaristi.com\/freebies\/","name":"Freebies - Paulina Joaristi","isPartOf":{"@id":"https:\/\/joaristi.com\/#website"},"primaryImageOfPage":{"@id":"https:\/\/joaristi.com\/freebies\/#primaryimage"},"image":{"@id":"https:\/\/joaristi.com\/freebies\/#primaryimage"},"thumbnailUrl":"http:\/\/joaristi.com\/wp-content\/uploads\/2021\/04\/Freebies-683x1024.jpg","datePublished":"2021-04-28T20:10:08+00:00","dateModified":"2021-10-06T21:59:23+00:00","breadcrumb":{"@id":"https:\/\/joaristi.com\/freebies\/#breadcrumb"},"inLanguage":"es-ES","potentialAction":[{"@type":"ReadAction","target":["https:\/\/joaristi.com\/freebies\/"]}]},{"@type":"ImageObject","inLanguage":"es-ES","@id":"https:\/\/joaristi.com\/freebies\/#primaryimage","url":"http:\/\/joaristi.com\/wp-content\/uploads\/2021\/04\/Freebies-683x1024.jpg","contentUrl":"http:\/\/joaristi.com\/wp-content\/uploads\/2021\/04\/Freebies-683x1024.jpg"},{"@type":"BreadcrumbList","@id":"https:\/\/joaristi.com\/freebies\/#breadcrumb","itemListElement":[{"@type":"ListItem","position":1,"name":"Home","item":"https:\/\/joaristi.com\/"},{"@type":"ListItem","position":2,"name":"Freebies"}]},{"@type":"WebSite","@id":"https:\/\/joaristi.com\/#website","url":"https:\/\/joaristi.com\/","name":"Paulina Joaristi","description":"Blog","potentialAction":[{"@type":"SearchAction","target":{"@type":"EntryPoint","urlTemplate":"https:\/\/joaristi.com\/?s={search_term_string}"},"query-input":{"@type":"PropertyValueSpecification","valueRequired":true,"valueName":"search_term_string"}}],"inLanguage":"es-ES"}]}},"_links":{"self":[{"href":"https:\/\/joaristi.com\/es\/wp-json\/wp\/v2\/pages\/22458","targetHints":{"allow":["GET"]}}],"collection":[{"href":"https:\/\/joaristi.com\/es\/wp-json\/wp\/v2\/pages"}],"about":[{"href":"https:\/\/joaristi.com\/es\/wp-json\/wp\/v2\/types\/page"}],"author":[{"embeddable":true,"href":"https:\/\/joaristi.com\/es\/wp-json\/wp\/v2\/users\/1"}],"replies":[{"embeddable":true,"href":"https:\/\/joaristi.com\/es\/wp-json\/wp\/v2\/comments?post=22458"}],"version-history":[{"count":5,"href":"https:\/\/joaristi.com\/es\/wp-json\/wp\/v2\/pages\/22458\/revisions"}],"predecessor-version":[{"id":22958,"href":"https:\/\/joaristi.com\/es\/wp-json\/wp\/v2\/pages\/22458\/revisions\/22958"}],"wp:attachment":[{"href":"https:\/\/joaristi.com\/es\/wp-json\/wp\/v2\/media?parent=22458"}],"curies":[{"name":"wp","href":"https:\/\/api.w.org\/{rel}","templated":true}]}}